{"id":86,"date":"2013-08-19T12:49:57","date_gmt":"2013-08-19T10:49:57","guid":{"rendered":"http:\/\/www.waffen-hirschle.de\/?page_id=86"},"modified":"2013-08-19T13:15:30","modified_gmt":"2013-08-19T11:15:30","slug":"agbs","status":"publish","type":"page","link":"http:\/\/www.waffen-hirschle.de\/?page_id=86","title":{"rendered":"AGB\u00b4s"},"content":{"rendered":"<p>Allgemeine Gesch\u00e4ftsbedingungen von VDB-Mitglied Waffen Hirschle f\u00fcr die Webseite\u00a0gesetzlich vertreten durch Karl-Heinz Hirschle<\/p>\n<p>1. Geltungsbereich<\/p>\n<p>1.1.\u00a0F\u00fcr alle \u00fcber die Webseite www.waffen-hirschle.de (im folgenden \u201eOnline-Shop\u201c) abgeschlossenen Vertr\u00e4ge zwischen uns,<\/p>\n<p>VDB-Mitglied<\/p>\n<p><strong> Firma Waffen Hirschle<\/strong><br \/>\n<b>Pfaffensteig 8<br \/>\n<\/b><b>89143 Blaubeuren-Weiler<br \/>\n<\/b>Telefon: 07344 \/ 7893<br \/>\nFax: 07344 \/ 6510<\/p>\n<p>\u201ewir\u201c oder \u201eVDB-Mitglied\u201c), und Ihnen (im folgenden auch \u201eKunde\u201c) gelten ausschlie\u00dflich die nachfolgenden Allgemeinen Gesch\u00e4ftsbedingungen (\u201eAGB\u201c) in der Fassung, die bei Bestellung jeweils g\u00fcltig ist.<\/p>\n<p>1.2. Der Kunde erkl\u00e4rt sich bei seiner Registrierung f\u00fcr den Online-Shop, sp\u00e4testens aber bei der Bestellung von Waren \u00fcber den Online-Shop mit der Geltung dieser AGB einverstanden.<\/p>\n<p>1.3. Das Warenangebot in unserem Online-Shop richtet sich gleicherma\u00dfen an Verbraucher und Unternehmer. F\u00fcr Zwecke dieser AGB, (i) ist ein Verbraucher jede nat\u00fcrliche Person, die den Vertrag zu einem Zweck abschlie\u00dft, der weder ihrer gewerblichen noch ihrer selbst\u00e4ndigen beruflichen T\u00e4tig-keit zugerechnet werden kann (\u00a7 13 BGB) und (ii) ist ein \u201eUnternehmer\u201c eine nat\u00fcrliche oder juristische Person oder eine rechtsf\u00e4hige Personengesellschaft, die bei Abschluss des Vertrages in Aus-\u00fcbung ihrer gewerblichen oder selbst\u00e4ndigen beruflichen T\u00e4tigkeit handelt (\u00a7 14 Abs. 1 BGB).<\/p>\n<p>2. Auftragserteilung und Vertragsschluss<\/p>\n<p>Die Warenangebote in unserem Online-Shop stellen eine unverbindliche Einladung dar, verbindlich Waren bei VDB-Mitglied zu bestellen. Mit der Bestellung der Ware durch das Anklicken eines Buttons wie etwa \u201eKaufen\u201c oder \u201eZahlungspflichtig Bestellen\u201c gibt der Kunde ein verbindliches Angebot \u00fcber den Kauf der im Warenkorb befindlichen Ware ab. VDB-Mitglied wird den Zugang dieser Bestellung des Kunden unverz\u00fcglich best\u00e4tigen. Diese automatisch generierte Eingangsbest\u00e4tigung stellt keine Annahme des Angebotes dar. Der Vertrag mit VDB-Mitglied kommt erst durch die ge-sonderte Auftragsbest\u00e4tigung seitens VDB-Mitglied per E-Mail bzw. durch Lieferung der Ware zu-stande (Annahme); VDB-Mitglied wird den Kunden \u00fcber die Annahme des Angebots aber in jedem Fall innerhalb von 5 Werktagen informieren; nach Ablauf dieser Frist ist der Kunde an sein Angebot nicht mehr gebunden. Bestellung und Lieferung sind nur innerhalb der Bundesrepublik Deutschland m\u00f6glich, es sei denn, wir haben dies mit dem Kunden schriftlich anderweitig vereinbart. Sollte ein bestimmter Artikel ausnahmsweise nicht lieferbar sein, werden wir den Kunden rechtzeitig, also in jedem Fall vor Annahme des Angebots, dar\u00fcber informieren. Die Wahl des Lieferweges, des Transportmittels und des Frachtf\u00fchrers trifft VDB-Mitglied.<\/p>\n<p>3. Widerrufsbelehrung<\/p>\n<p>Falls der Kunde Verbraucher ist, ist er berechtigt, sein \u00fcber den Online-Shop abgegebenes Angebot nach Ma\u00dfgabe der nachfolgenden Widerrufsbelehrung zu widerrufen: Widerrufsrecht Sie k\u00f6nnen Ihre Vertragserkl\u00e4rung innerhalb von 14 Tagen ohne Angabe von Gr\u00fcnden in Textform (z. B. Brief, Fax, E-Mail) oder \u2013 wenn Ihnen die Sache vor Fristablauf \u00fcberlassen wird \u2013 auch durch R\u00fccksendung der Sache widerrufen. Die Frist beginnt nach Erhalt dieser Belehrung in Textform, jedoch nicht vor Eingang der Ware beim Empf\u00e4nger (bei der wiederkehrenden Lieferung gleichartiger Waren nicht vor Ein-gang der ersten Teillieferung) und auch nicht vor Erf\u00fcllung unserer Informationspflichten gem\u00e4\u00df Artikel 246 \u00a7 2 in Verbindung mit \u00a7 1 Absatz 1 und 2 EGBGB und auch nicht vor Erf\u00fcllung unserer Pflichten gem\u00e4\u00df \u00a7 312g Absatz 1 Satz 1 BGB in Verbindung mit Artikel 246 \u00a7 3 EGBGB. Zur Wahrung der Widerrufsfrist ge-n\u00fcgt die rechtzeitige Absendung des Widerrufs oder der Sache.<\/p>\n<p>Der Widerruf ist zu richten an: VDB-Mitglied<\/p>\n<p><strong>Firma Waffen Hirschle<\/strong><br \/>\n<b>Pfaffensteig 8<br \/>\n<\/b><b>89143 Blaubeuren-Weiler<br \/>\n<\/b>Telefon: 07344 \/ 7893<br \/>\nFax: 07344 \/ 6510<\/p>\n<p>info@waffen-hirschle.de<\/p>\n<p>&nbsp;<\/p>\n<p>Die R\u00fccksendung der Sache hat zu erfolgen an: VDB-Mitglied<\/p>\n<p><strong>Firma Waffen Hirschle<\/strong><br \/>\n<b>Pfaffensteig 8<br \/>\n<\/b><b>89143 Blaubeuren-Weiler<br \/>\n<\/b>Telefon: 07344 \/ 7893<br \/>\nFax: 07344 \/ 6510<\/p>\n<p>info@waffen-hirschle.de<\/p>\n<p>Widerrufsfolgen<\/p>\n<p>Im Falle eines wirksamen Widerrufs sind die beiderseits empfangenen Leistungen zur\u00fcckzugew\u00e4hren und ggf. gezogene Nutzungen (z. B. Zinsen) herauszugeben. K\u00f6nnen Sie uns die empfangene Leistung sowie Nutzungen (z.B. Gebrauchsvorteile) nicht oder teilweise nicht oder nur in verschlechtertem Zustand zur\u00fcckgew\u00e4hren beziehungsweise herausgeben, m\u00fcssen Sie uns insoweit Wertersatz leisten. F\u00fcr die Verschlechterung der Sache und f\u00fcr gezogene Nutzungen m\u00fcssen Sie Wertersatz nur leisten, soweit die Nutzungen oder die Verschlechterung auf einen Umgang mit der Sache zur\u00fcckzuf\u00fchren ist, der \u00fcber die Pr\u00fcfung der Eigenschaften und der Funktionsweise hinausgeht. Unter \u201ePr\u00fcfung der Eigenschaften und der Funktionsweise\u201c versteht man das Testen und Ausprobieren der jeweiligen Ware, wie es etwa im Ladengesch\u00e4ft m\u00f6glich und \u00fcblich ist. Paketversandf\u00e4hige Sachen sind auf unsere Gefahr zur\u00fcckzusenden. Sie haben die regelm\u00e4\u00dfigen Kosten der R\u00fccksendung zu tragen, wenn die gelieferte Ware der bestellten entspricht und wenn der Preis der zur\u00fcckzusendenden Sache einen Betrag von 40 Euro nicht \u00fcbersteigt oder wenn Sie bei einem h\u00f6heren Preis der Sache zum Zeitpunkt des Widerrufs noch nicht die Gegenleistung oder eine vertraglich vereinbarte Teilzahlung erbracht haben. Anderenfalls ist die R\u00fccksendung f\u00fcr Sie kostenfrei. Nicht paketversandf\u00e4hige Sachen werden bei Ihnen abgeholt. Verpflichtungen zur Erstattung von Zahlungen m\u00fcssen innerhalb von 30 Tagen erf\u00fcllt werden. Die Frist beginnt f\u00fcr Sie mit der Absendung Ihrer Widerrufserkl\u00e4rung oder der Sache, f\u00fcr uns mit deren Empfang. Ende der Widerrufsbelehrung<\/p>\n<p>4. Eigentumsvorbehalt<\/p>\n<p>Bis zur vollst\u00e4ndigen Bezahlung bleibt die dem Kunden gelieferte Ware das Eigentum von VDB-Mitglied (\u201eVorbehaltsware\u201c). Sie d\u00fcrfen diese Vorbehaltsware nicht an Dritte ver\u00e4u\u00dfern oder verpf\u00e4nden und m\u00fcssen sie sachgerecht und pfleglich behandeln. Zugriffe Dritter auf die Vorbehaltsware hat uns der Kunde unverz\u00fcglich nach Bekanntwerden mitzuteilen. Der Kunde haftet f\u00fcr alle Kos-ten, die f\u00fcr die Aufhebung solcher Zugriffe anfallen, insbesondere durch Erhebung einer Drittwiderspruchsklage, soweit die Erstattung der Kosten nicht von dem betreffenden Dritten zu erlangen ist.<\/p>\n<p>5. Gew\u00e4hrleistung<br \/>\n5.1. Ist die gelieferte Ware mit einem Sachmangel behaftet, kann der Kunde von uns zun\u00e4chst die Beseitigung des Mangels oder Lieferung von mangelfreier Ware verlangen; ist der Kunde Unternehmer, k\u00f6nnen wir zwischen der M\u00e4ngelbeseitigung oder Lieferung einer mangelfreien Sache w\u00e4hlen. Die Wahl kann nur durch Anzeige in Textform (auch per Telefax oder E-Mail) gegen\u00fcber dem Kunden innerhalb von drei Werktagen nach Benachrichtigung \u00fcber den Mangel erfolgen. Wir k\u00f6nnen die vom Kunden gew\u00e4hlte Art der Nacherf\u00fcllung verweigern, wenn diese nur mit unverh\u00e4ltnism\u00e4\u00dfigen Kosten m\u00f6glich ist. <\/p>\n<p>5.2. Falls die Nacherf\u00fcllung gem\u00e4\u00df Ziffer 5.1 fehlschl\u00e4gt oder dem Kunden unzumutbar ist oder wir die Nacherf\u00fcllung verweigern, ist der Kunde jeweils nach Ma\u00dfgabe des anwendbaren Rechts berech-tigt, vom Kaufvertrag zur\u00fcckzutreten, den Kaufpreis zu mindern oder Schadensersatz oder Ersatz seiner vergeblichen Aufwendungen zu verlangen. F\u00fcr Anspr\u00fcche des Kunden auf Schadensersatz gelten au\u00dferdem die besonderen Bestimmungen der Ziffer 6 dieser AGB.<br \/>\n5.3. Die Gew\u00e4hrleistungsfrist betr\u00e4gt zwei Jahre und bei gebrauchter Ware ein Jahr ab Lieferung, falls der Kunde Verbraucher ist. Ist der Kunde Unternehmer, so betr\u00e4gt die Gew\u00e4hrleistungsfrist immer ein Jahr ab Lieferung.<br \/>\n5.4. Nur gegen\u00fcber Unternehmern gilt folgendes: Der Kunde hat die Ware unverz\u00fcglich nach \u00dcbersendung sorgf\u00e4ltig zu untersuchen. Die gelieferte Ware gilt als vom Kunden genehmigt, wenn ein Man-gel uns nicht (i) im Falle von offensichtlichen M\u00e4ngeln innerhalb von f\u00fcnf Werktagen nach Lieferung oder sonst (ii) innerhalb von f\u00fcnf Werktagen nach Entdeckung des Mangels angezeigt wird.<\/p>\n<p>6. Haftung<\/p>\n<p>6.1. VDB-Mitglied haftet unbeschr\u00e4nkt &#8211; bei Vorsatz oder grober Fahrl\u00e4ssigkeit, &#8211; f\u00fcr die Verletzung von Leben, Leib oder Gesundheit, &#8211; nach den Vorschriften des Produkthaftungsgesetzes sowie &#8211; im Umfang einer von VDB-Mitglied \u00fcbernommenen Garantie.<\/p>\n<p>6.2. Unbeschadet der Regelung in Ziffer 6.1 haftet VDB-Mitglied bei Fahrl\u00e4ssigkeit nur bei Verletzung von vertragswesentlichen Pflichten, also der Verletzung von Pflichten, deren Erf\u00fcllung die ordnungs-gem\u00e4\u00dfe Durchf\u00fchrung des Vertrages \u00fcberhaupt erst erm\u00f6glichen und auf deren Einhaltung der Kunde regelm\u00e4\u00dfig vertrauen darf (\u201eKardinalpflicht\u201c). Bei einer leicht fahrl\u00e4ssigen Verletzung einer Kardinalpflicht ist die Haftung von VDB-Mitglied auf solche typischen Sch\u00e4den und\/oder einen sol-chen typischen Schadensumfang begrenzt, die zum Zeitpunkt des Vertragsschlusses vorhersehbar waren.<\/p>\n<p>6.3. Die vorstehenden Haftungsbeschr\u00e4nkungen gelten auch im Falle des Verschuldens eines Erf\u00fcl-lungsgehilfen von VDB-Mitglied sowie f\u00fcr die pers\u00f6nliche Haftung der Mitarbeiter und Vertreter von VDB-Mitglied.<\/p>\n<p>6.4. Die Verj\u00e4hrung von Schadensersatzanspr\u00fcchen des Kunden aufgrund Haftung wegen Vorsatzes bemisst sich nach den gesetzlichen Vorschriften. Die Verj\u00e4hrungsfrist hinsichtlich sonstiger Scha-densersatzanspr\u00fcche des Kunden betr\u00e4gt ein Jahr. Sie beginnt mit dem Schluss des Jahres, in dem die Anspr\u00fcche entstanden sind und der Kunde von den anspruchsbegr\u00fcndenden Umst\u00e4nden und der Person des Schuldners Kenntnis erlangt oder aufgrund grober Fahrl\u00e4ssigkeit nicht erlangt hat, sp\u00e4testens jedoch in f\u00fcnf Jahren von ihrer Entstehung an und zehn Jahre von der Begehung der Handlung, der Pflichtverletzung oder dem sonstigen, den Schaden ausl\u00f6senden Ereignis an. 7. Datenschutz Soweit im Rahmen des Abschlusses und der Durchf\u00fchrung des Vertrages mit dem Kunden personenbezogene Daten des Kunden erhoben werden, wird VDB-Mitglied bei deren Verarbeitung und Nutzung die geltenden datenschutzrechtlichen Vorschriften, insbesondere das Bundesdatenschutz-gesetz (\u201eBDSG\u201c) beachten. N\u00e4here Informationen zum Umgang mit Kundendaten k\u00f6nnen den Datenschutzbestimmungen von VDB-Mitglied unter entnommen werden<\/p>\n<p>8. Preise und Zahlung<\/p>\n<p>8.1. Soweit nicht im Einzelfall ausdr\u00fccklich ein anderer Preis vereinbart worden ist, erfolgen alle Lieferungen von VDB-Mitglied auf Grundlage der am Tage der Bestellung im Online-Shop genannten Preise. Unsere Preise schlie\u00dfen die gesetzliche Umsatzsteuer ein. Hierzu addieren sich die in der Bestellung genannten Versandkosten. Z\u00f6lle und \u00e4hnliche Abgaben hat der Kunde zu tragen.<\/p>\n<p>8.2. Wir liefern ausschlie\u00dflich gegen Rechnung (die per E-Mail versandt werden und auch in unserer Annahme enthalten sein kann). Rechnungen sind sofort nach deren Zugang beim Kunden f\u00e4llig und innerhalb von vierzehn Tagen auf das in der Rechnung angegebene Konto von VDB-Mitglied zu zahlen. Dem Kunden steht kein Aufrechnungs- oder Zur\u00fcckbehaltungsrecht zu, soweit nicht die Gegenforderung unbestritten oder rechtskr\u00e4ftig festgestellt ist.<\/p>\n<p>9. Versendung der Ware<\/p>\n<p>9.1. Wir werden die Ware bis sp\u00e4testens zu dem bei der Bestellung auf der jeweiligen Angebotsseite ersichtlichen Versandtermin (Tag der \u00dcbergabe der Ware durch uns an das Versandunternehmen) an den Kunden absenden. Ist kein Versandtermin angegeben, werden als \u201eauf Lager\u201c ausgezeich-nete Waren sp\u00e4testens am f\u00fcnften Werktag und alle anderen Waren innerhalb von drei Wochen versandt. Diese f\u00fcr die Bestimmung des Versandtermins ma\u00dfgebliche Frist beginnt jeweils am Tag des Zustandekommens des Kaufvertrages.<\/p>\n<p>9.2. In dem Fall, dass unser Lieferant Ware, die bei der Bestellung durch den Kunden auf der Angebots-seite im Online Shop als \u201enicht auf Lager\u201c gekennzeichnet war, nicht rechtzeitig an uns liefert, ver-l\u00e4ngert sich die sonst nach Ziffer 9.1 ma\u00dfgebliche Frist bis zur Belieferung durch unseren Lieferan-ten zuz\u00fcglich zwei Arbeitstage, h\u00f6chstens jedoch um einen Zeitraum von drei Wochen. Vorausset-zung f\u00fcr diese Fristverl\u00e4ngerung ist, dass wir die Ware unverz\u00fcglich nachbestellt und die Verz\u00f6ge-rung der Lieferung durch unseren Lieferanten nicht zu vertreten haben.<\/p>\n<p>9.3. Falls die Ware aus einem der in Ziffer 9.2 genannten Gr\u00fcnde nicht oder nicht rechtzeitig lieferbar ist, werden wir dies dem Kunden unverz\u00fcglich anzeigen. Ist die Ware auf absehbare Zeit nicht bei unse-ren Lieferanten verf\u00fcgbar, sind wir zum R\u00fccktritt vom Kaufvertrag berechtigt. Im Falle eines R\u00fcck-tritts werden wir dem Kunden seine an uns geleisteten Zahlungen unverz\u00fcglich erstatten. Die ge-setzlichen Rechte des Kunden wegen Lieferverzuges werden durch die vorstehende Regelung nicht ber\u00fchrt, wobei der Kunde Schadensersatz nur nach besonderer Ma\u00dfgabe von Ziffer 6 dieser AGB verlangen kann.<\/p>\n<p>9.4. Wir sind zu Teillieferungen von in einer Bestellung erfassten, getrennt nutzbaren Waren berechtigt, wobei wir die dadurch verursachten zus\u00e4tzlichen Versandkosten tragen.<\/p>\n<p>9.5. Die Anlieferung gro\u00dfer und sperriger Waren erfolgt durch eine Spedition. Die Spedition liefert die Ware nur bis zur ersten Stufe bzw. bis zur ersten abschlie\u00dfbaren T\u00fcr an der Lieferadresse des Kun-den.<\/p>\n<p>10. Versand, Versicherung und Gefahr\u00fcbergang<\/p>\n<p>10.1. Soweit nicht ausdr\u00fccklich anders vereinbart, bestimmen wir die angemessene Versandart und das Transportunternehmen nach unserem billigen Ermessen.<\/p>\n<p>10.2. Wir schulden nur die rechtzeitige, ordnungsgem\u00e4\u00dfe Ablieferung der Ware an das Transportunter-nehmen und sind f\u00fcr vom Transportunternehmen verursachte Verz\u00f6gerungen nicht verantwortlich.<\/p>\n<p>10.3. Ist der Kunde Verbraucher, geht die Gefahr des zuf\u00e4lligen Untergangs, der zuf\u00e4lligen Besch\u00e4digung oder des zuf\u00e4lligen Verlusts der gelieferten Ware in dem Zeitpunkt auf den Kunden \u00fcber, in dem die Ware an den Kunden ausgeliefert wird oder der Kunde in Annahmeverzug ger\u00e4t. In allen anderen F\u00e4llen geht die Gefahr mit der Auslieferung der Ware an das Transportunternehmen auf den Kunden \u00fcber.<\/p>\n<p>10.4. Wir werden die Ware gegen die \u00fcblichen Transportrisiken auf unsere Kosten versichern. 11. Erwerb von Waffen, Munition und Pulver 11.1. Waffen und Munition d\u00fcrfen nur an Personen abgegeben werden, die das 18. Lebensjahr vollendet haben. Ein Verkauf und die Lieferung sind daher nur gegen Vorlage einer Urkunde oder gegen Vor-lage einer amtlichen Best\u00e4tigung, dass der Erwerber das 18. Lebensjahr vollendet hat, m\u00f6glich. 11.2. Der Umgang mit Waffen oder Munition, die in der Anlage 2 (Waffenliste) Abschnitt 2 zum Waffengesetz genannt sind, bedarf der Erlaubnis. Solche Waffen und Munition werden daher nur gegen Vor-lage von entsprechenden g\u00fcltigen Dokumenten (z.B. Jagdschein, Waffenbesitzkarte, Munitions-Erwerbsschein oder eine Ausnahmegenehmigung der zust\u00e4ndigen Beh\u00f6rde) im Original oder als \u00f6f-fentlich (amtlich oder notariell) beglaubigte Kopien aller beschrifteten Seiten verkauft und \u00fcberlas-sen.<\/p>\n<p>11.3. Der Umgang mit Waffen oder Munition, die in der Anlage 2 (Waffenliste) Abschnitt 1 zum Waffengesetz genannt sind, ist grunds\u00e4tzlich verboten. Solche Waffen und Munition werden daher nur gegen Vorlage einer entsprechenden Ausnahmegenehmigung der zust\u00e4ndigen Beh\u00f6rde im Original oder als \u00f6ffentlich (amtlich oder notariell) beglaubigte Kopien aller beschrifteten Seiten verkauft und \u00fcber-lassen.<\/p>\n<p>11.4. Pulver kann nur gegen Vorlage des Original-Sprengstofferlaubnisscheines verkauft werden.<\/p>\n<p>12. Anwendbares Recht, Gerichtsstand und Schlussbestimmung<\/p>\n<p>12.1. Der zwischen uns und dem Kunden bestehende Kaufvertrag unterliegt vorbehaltlich zwingender in-ternationalprivatrechtlicher Vorschriften dem Recht der Bundesrepublik Deutschland unter Aus-schluss des UN-Kaufrechts\u00fcbereinkommens.<\/p>\n<p>12.2. Ist der Kunde Kaufmann i.S.d. \u00a7 1 Abs. 1 des Handelsgesetzbuches (HGB), eine juristische Person des \u00f6ffentlichen Rechts oder ein \u00f6ffentlich-rechtliches Sonderverm\u00f6gen, so sind die Gerichte in Sitz des VDB-Mitglieds f\u00fcr alle Streitigkeiten aus oder im Zusammenhang mit dem betreffenden Ver-tragsverh\u00e4ltnis ausschlie\u00dflich zust\u00e4ndig. In allen anderen F\u00e4llen k\u00f6nnen wir oder der Kunde Klage vor jedem aufgrund gesetzlicher Vorschriften zust\u00e4ndigen Gericht erheben.<\/p>\n<p>12.3. Sollte eine Bestimmung dieser Allgemeinen Gesch\u00e4ftsbedingungen unwirksam sein oder werden, eine unzul\u00e4ssige Fristbestimmung oder eine L\u00fccke enthalten, so bleibt die Rechtswirksamkeit der \u00fcbrigen Bestimmungen hiervon unber\u00fchrt. Soweit die Unwirksamkeit sich nicht aus einem Versto\u00df gegen \u00a7\u00a7 305 ff. BGB (Geltung Allgemeiner Gesch\u00e4ftsbedingungen) ergibt, gilt anstelle der unwirksamen Bestimmung eine wirksame Bestimmung als vereinbart, die dem von den Vertragsparteien Gewollten wirtschaftlich am n\u00e4chsten kommt. Das Gleiche gilt f\u00fcr den Fall einer L\u00fccke. Im Falle ei-ner unzul\u00e4ssigen Frist gilt das gesetzlich zul\u00e4ssige Ma\u00df.<\/p>\n<p>Blaubeuren, den 01.08.2013<\/p>\n","protected":false},"excerpt":{"rendered":"<p>Allgemeine Gesch\u00e4ftsbedingungen von VDB-Mitglied Waffen Hirschle f\u00fcr die Webseite\u00a0gesetzlich vertreten durch Karl-Heinz Hirschle 1. Geltungsbereich 1.1.\u00a0F\u00fcr alle \u00fcber die Webseite www.waffen-hirschle.de (im folgenden \u201eOnline-Shop\u201c) abgeschlossenen Vertr\u00e4ge zwischen uns, VDB-Mitglied Firma&#8230; <span class=\"more-link\"><a href=\"http:\/\/www.waffen-hirschle.de\/?page_id=86\">Read More<\/a><\/span><\/p>\n","protected":false},"author":1,"featured_media":0,"parent":0,"menu_order":0,"comment_status":"closed","ping_status":"closed","template":"","meta":{"footnotes":""},"_links":{"self":[{"href":"http:\/\/www.waffen-hirschle.de\/index.php?rest_route=\/wp\/v2\/pages\/86"}],"collection":[{"href":"http:\/\/www.waffen-hirschle.de\/index.php?rest_route=\/wp\/v2\/pages"}],"about":[{"href":"http:\/\/www.waffen-hirschle.de\/index.php?rest_route=\/wp\/v2\/types\/page"}],"author":[{"embeddable":true,"href":"http:\/\/www.waffen-hirschle.de\/index.php?rest_route=\/wp\/v2\/users\/1"}],"replies":[{"embeddable":true,"href":"http:\/\/www.waffen-hirschle.de\/index.php?rest_route=%2Fwp%2Fv2%2Fcomments&post=86"}],"version-history":[{"count":4,"href":"http:\/\/www.waffen-hirschle.de\/index.php?rest_route=\/wp\/v2\/pages\/86\/revisions"}],"predecessor-version":[{"id":96,"href":"http:\/\/www.waffen-hirschle.de\/index.php?rest_route=\/wp\/v2\/pages\/86\/revisions\/96"}],"wp:attachment":[{"href":"http:\/\/www.waffen-hirschle.de\/index.php?rest_route=%2Fwp%2Fv2%2Fmedia&parent=86"}],"curies":[{"name":"wp","href":"https:\/\/api.w.org\/{rel}","templated":true}]}}